{"id":23,"date":"2018-09-15T19:03:24","date_gmt":"2018-09-15T17:03:24","guid":{"rendered":"http:\/\/s521716621.online.de\/?page_id=23"},"modified":"2018-10-31T13:10:36","modified_gmt":"2018-10-31T12:10:36","slug":"kontakt","status":"publish","type":"page","link":"https:\/\/leis-immobilien-service.de\/?page_id=23","title":{"rendered":"Kontakt"},"content":{"rendered":"<h5>So k\u00f6nnen Sie uns erreichen:<\/h5>\n<p style=\"text-align: left;\" align=\"center\">\n<span class=\"company-name\">LEIS <\/span>Immobilien SERVICE<br \/>\n<a href=\"https:\/\/www.google.com\/maps\/search\/?api=1&#038;query=Leis+Immobilien+Service+Hortweg+1+90530+Wendelstein\" style=\"text-decoration: none;\" target=\"_blank\">Hortweg 1<br \/>\n90530 Wendelstein<\/a><\/p>\n<p style=\"text-align: left;\" align=\"center\">Telefon: 09129 \/ 38 35<br \/>\nMobil: 0171 \/ 17 38 35 0<br \/>\nTelefax: 09129 \/ 28 88 92<\/p>\n<p style=\"text-align: left;\" align=\"center\">E-Mail:\u00a0<a href=\"mailto:info@leis-immobilien-service.de\">info@leis-immobilien-service.de<\/a><br \/>\nInternet:\u00a0<a href=\"http:\/\/www.leis-immobilien-service.de\/\">www.leis-immobilien-service.de<\/a><\/p>\n<h5>Unsere B\u00fcrozeiten:<\/h5>\n<p>Mo.-Fr. von 9:00 &#8211; 12:00 Uhr und 13:00 &#8211; 16:00 Uhr<\/p>\n<p>Termine f\u00fcr Besprechungen und Besichtigungen au\u00dferhalb der Gesch\u00e4ftszeiten nach Vereinbarung<\/p>\n<p>&nbsp;<\/p>\n<h5>Schicken Sie uns eine Nachricht:<\/h5>\n\n<div class=\"wpcf7 no-js\" id=\"wpcf7-f44-o1\" lang=\"en-US\" dir=\"ltr\" data-wpcf7-id=\"44\">\n<div class=\"screen-reader-response\"><p role=\"status\" aria-live=\"polite\" aria-atomic=\"true\"><\/p> <ul><\/ul><\/div>\n<form action=\"\/index.php?rest_route=%2Fwp%2Fv2%2Fpages%2F23#wpcf7-f44-o1\" method=\"post\" class=\"wpcf7-form init\" aria-label=\"Contact form\" novalidate=\"novalidate\" data-status=\"init\">\n<fieldset class=\"hidden-fields-container\"><input type=\"hidden\" name=\"_wpcf7\" value=\"44\" \/><input type=\"hidden\" name=\"_wpcf7_version\" value=\"6.1.5\" \/><input type=\"hidden\" name=\"_wpcf7_locale\" value=\"en_US\" \/><input type=\"hidden\" name=\"_wpcf7_unit_tag\" value=\"wpcf7-f44-o1\" \/><input type=\"hidden\" name=\"_wpcf7_container_post\" value=\"0\" \/><input type=\"hidden\" name=\"_wpcf7_posted_data_hash\" value=\"\" \/>\n<\/fieldset>\n<p><label> Ihr Name (ben\u00f6tigt)<br \/>\n<span class=\"wpcf7-form-control-wrap\" data-name=\"your-name\"><input size=\"40\" maxlength=\"400\" class=\"wpcf7-form-control wpcf7-text wpcf7-validates-as-required\" aria-required=\"true\" aria-invalid=\"false\" value=\"\" type=\"text\" name=\"your-name\" \/><\/span> <\/label>\n<\/p>\n<p><label> Ihre E-Mail-Adresse (ben\u00f6tigt)<br \/>\n<span class=\"wpcf7-form-control-wrap\" data-name=\"your-email\"><input size=\"40\" maxlength=\"400\" class=\"wpcf7-form-control wpcf7-email wpcf7-validates-as-required wpcf7-text wpcf7-validates-as-email\" aria-required=\"true\" aria-invalid=\"false\" value=\"\" type=\"email\" name=\"your-email\" \/><\/span> <\/label>\n<\/p>\n<p><label> Betreff<br \/>\n<span class=\"wpcf7-form-control-wrap\" data-name=\"your-subject\"><input size=\"40\" maxlength=\"400\" class=\"wpcf7-form-control wpcf7-text\" aria-invalid=\"false\" value=\"\" type=\"text\" name=\"your-subject\" \/><\/span> <\/label>\n<\/p>\n<p><label> Ihre Nachricht<br \/>\n<span class=\"wpcf7-form-control-wrap\" data-name=\"your-message\"><textarea cols=\"40\" rows=\"10\" maxlength=\"2000\" class=\"wpcf7-form-control wpcf7-textarea\" aria-invalid=\"false\" name=\"your-message\"><\/textarea><\/span> <\/label>\n<\/p>\n<p><input class=\"wpcf7-form-control wpcf7-submit has-spinner\" type=\"submit\" value=\"Send\" \/>\n<\/p><p style=\"display: none !important;\" class=\"akismet-fields-container\" data-prefix=\"_wpcf7_ak_\"><label>&#916;<textarea name=\"_wpcf7_ak_hp_textarea\" cols=\"45\" rows=\"8\" maxlength=\"100\"><\/textarea><\/label><input type=\"hidden\" id=\"ak_js_1\" name=\"_wpcf7_ak_js\" value=\"23\"\/><script>document.getElementById( \"ak_js_1\" ).setAttribute( \"value\", ( new Date() ).getTime() );<\/script><\/p><div class=\"wpcf7-response-output\" aria-hidden=\"true\"><\/div>\n<\/form>\n<\/div>\n\n","protected":false},"excerpt":{"rendered":"<p>So k\u00f6nnen Sie uns erreichen: LEIS Immobilien SERVICE Hortweg 1 90530 Wendelstein Telefon: 09129 \/ 38 35 Mobil: 0171 \/ 17 38 35 0 Telefax: 09129 \/ 28 88 92 E-Mail:\u00a0info@leis-immobilien-service.de Internet:\u00a0www.leis-immobilien-service.de Unsere B\u00fcrozeiten: Mo.-Fr. von 9:00 &#8211; 12:00 Uhr und 13:00 &#8211; 16:00 Uhr Termine f\u00fcr Besprechungen und Besichtigungen au\u00dferhalb der Gesch\u00e4ftszeiten nach Vereinbarung &hellip; <\/p>\n<p class=\"link-more\"><a href=\"https:\/\/leis-immobilien-service.de\/?page_id=23\" class=\"more-link\"><span class=\"screen-reader-text\">\u201eKontakt\u201c<\/span> weiterlesen<\/a><\/p>\n","protected":false},"author":1,"featured_media":0,"parent":0,"menu_order":0,"comment_status":"closed","ping_status":"closed","template":"","meta":{"footnotes":""},"class_list":["post-23","page","type-page","status-publish","hentry"],"_links":{"self":[{"href":"https:\/\/leis-immobilien-service.de\/index.php?rest_route=\/wp\/v2\/pages\/23","targetHints":{"allow":["GET"]}}],"collection":[{"href":"https:\/\/leis-immobilien-service.de\/index.php?rest_route=\/wp\/v2\/pages"}],"about":[{"href":"https:\/\/leis-immobilien-service.de\/index.php?rest_route=\/wp\/v2\/types\/page"}],"author":[{"embeddable":true,"href":"https:\/\/leis-immobilien-service.de\/index.php?rest_route=\/wp\/v2\/users\/1"}],"replies":[{"embeddable":true,"href":"https:\/\/leis-immobilien-service.de\/index.php?rest_route=%2Fwp%2Fv2%2Fcomments&post=23"}],"version-history":[{"count":11,"href":"https:\/\/leis-immobilien-service.de\/index.php?rest_route=\/wp\/v2\/pages\/23\/revisions"}],"predecessor-version":[{"id":213,"href":"https:\/\/leis-immobilien-service.de\/index.php?rest_route=\/wp\/v2\/pages\/23\/revisions\/213"}],"wp:attachment":[{"href":"https:\/\/leis-immobilien-service.de\/index.php?rest_route=%2Fwp%2Fv2%2Fmedia&parent=23"}],"curies":[{"name":"wp","href":"https:\/\/api.w.org\/{rel}","templated":true}]}}