{"id":21,"date":"2019-12-13T20:29:07","date_gmt":"2019-12-13T19:29:07","guid":{"rendered":"http:\/\/s521716621.online.de\/?page_id=21"},"modified":"2019-12-13T20:59:46","modified_gmt":"2019-12-13T19:59:46","slug":"impressum","status":"publish","type":"page","link":"https:\/\/leis-immobilien-service.de\/?page_id=21","title":{"rendered":"Impressum"},"content":{"rendered":"<p style=\"text-align: center;\"><span class=\"company-name\">LEIS <\/span>Immobilien SERVICE<br \/>\nEin Unternehmensbereich der<br \/>\nL &amp; L Immobilien Service u. Management<br \/>\nInhaber &#8211; Hartmut Leis<\/p>\n<p style=\"text-align: center;\">Hortweg 1<br \/>\n90530 Wendelstein<br \/>\nTelefon: 09129 \/ 38 35<br \/>\nTelefon-mobil: 0171 \/ 17 38 35 0<br \/>\nTelefax: 09129 \/ 28 88 92<br \/>\nE-Mail: info@leis-immobilien-service.de<br \/>\nInternet: www.leis-immobilien-service.de<\/p>\n<p style=\"text-align: center;\"><strong><u>Rechtliche Angaben<\/u><\/strong><br \/>\nUSt-IdNr.: DE193534346<\/p>\n<p style=\"text-align: center;\">Gesetzlicher Vertreter:<br \/>\nHerr Hartmut Leis<\/p>\n<p style=\"text-align: center;\">Gewerbeerlaubnis gem. \u00a7 34 c GewO erteilt durch:<br \/>\nLandratsamt Roth<br \/>\nWeinbergweg 1<br \/>\n91154 Roth<br \/>\nZust\u00e4ndige Aufsichtsbeh\u00f6rde:<br \/>\nIHK f\u00fcr M\u00fcnchen und Oberbayern<br \/>\nMax-Joseph-Stra\u00dfe 2<br \/>\n80333 M\u00fcnchen<\/p>\n<p style=\"text-align: center;\"><strong><u>Haftungsausschluss:<\/u><\/strong><br \/>\nDer Anbieter \u00fcbernimmt keine Haftung f\u00fcr die Richtigkeit, Vollst\u00e4ndigkeit und Aktualit\u00e4t der bereit gestellten Informationen. Trotz sorgf\u00e4ltiger inhaltlicher Kontrolle \u00fcbernehmen wir keine Haftung f\u00fcr die Inhalte externer Links. F\u00fcr den Inhalt der verlinkten Seiten sind ausschlie\u00dflich deren Betreiber verantwortlich.<\/p>\n","protected":false},"excerpt":{"rendered":"<p>LEIS Immobilien SERVICE Ein Unternehmensbereich der L &amp; L Immobilien Service u. Management Inhaber &#8211; Hartmut Leis Hortweg 1 90530 Wendelstein Telefon: 09129 \/ 38 35 Telefon-mobil: 0171 \/ 17 38 35 0 Telefax: 09129 \/ 28 88 92 E-Mail: info@leis-immobilien-service.de Internet: www.leis-immobilien-service.de Rechtliche Angaben USt-IdNr.: DE193534346 Gesetzlicher Vertreter: Herr Hartmut Leis Gewerbeerlaubnis gem. \u00a7 &hellip; <\/p>\n<p class=\"link-more\"><a href=\"https:\/\/leis-immobilien-service.de\/?page_id=21\" class=\"more-link\"><span class=\"screen-reader-text\">\u201eImpressum\u201c<\/span> weiterlesen<\/a><\/p>\n","protected":false},"author":1,"featured_media":0,"parent":0,"menu_order":0,"comment_status":"closed","ping_status":"closed","template":"","meta":{"footnotes":""},"class_list":["post-21","page","type-page","status-publish","hentry"],"_links":{"self":[{"href":"https:\/\/leis-immobilien-service.de\/index.php?rest_route=\/wp\/v2\/pages\/21","targetHints":{"allow":["GET"]}}],"collection":[{"href":"https:\/\/leis-immobilien-service.de\/index.php?rest_route=\/wp\/v2\/pages"}],"about":[{"href":"https:\/\/leis-immobilien-service.de\/index.php?rest_route=\/wp\/v2\/types\/page"}],"author":[{"embeddable":true,"href":"https:\/\/leis-immobilien-service.de\/index.php?rest_route=\/wp\/v2\/users\/1"}],"replies":[{"embeddable":true,"href":"https:\/\/leis-immobilien-service.de\/index.php?rest_route=%2Fwp%2Fv2%2Fcomments&post=21"}],"version-history":[{"count":6,"href":"https:\/\/leis-immobilien-service.de\/index.php?rest_route=\/wp\/v2\/pages\/21\/revisions"}],"predecessor-version":[{"id":225,"href":"https:\/\/leis-immobilien-service.de\/index.php?rest_route=\/wp\/v2\/pages\/21\/revisions\/225"}],"wp:attachment":[{"href":"https:\/\/leis-immobilien-service.de\/index.php?rest_route=%2Fwp%2Fv2%2Fmedia&parent=21"}],"curies":[{"name":"wp","href":"https:\/\/api.w.org\/{rel}","templated":true}]}}