{"id":19,"date":"2018-09-15T19:02:44","date_gmt":"2018-09-15T17:02:44","guid":{"rendered":"http:\/\/s521716621.online.de\/?page_id=19"},"modified":"2021-08-01T12:40:40","modified_gmt":"2021-08-01T11:40:40","slug":"unternehmensportrait","status":"publish","type":"page","link":"https:\/\/leis-immobilien-service.de\/?page_id=19","title":{"rendered":"Unternehmensportr\u00e4t"},"content":{"rendered":"<table border=\"0\" width=\"779\" align=\"center\">\n<tbody>\n<tr>\n<td bgcolor=\"#d9e1f4\" width=\"773\" height=\"15\">\n<div class=\"Stil10\" align=\"center\">\n<div align=\"left\">Unternehmensportr\u00e4t:<\/div>\n<\/div>\n<\/td>\n<\/tr>\n<tr>\n<td bgcolor=\"#ffffff\" height=\"231\">\n<p align=\"left\">Das Fundament, der Firma <span class=\"company-name\">LEIS <\/span>Immobilien SERVICE, wurde Mitte der 60\u2019er Jahre durch den Vater des heutigen Firmeninhabers gelegt.<\/p>\n<p align=\"left\">Im laufe der 80\u2019er Jahre, wurde das Dienstleistungsangebot schrittweise auf den Immobiliensektor erweitert und letztendlich umgestellt.<\/p>\n<p align=\"left\">Anfang 1998 \u00fcbernahm der heutige Inhaber Herr Hartmut Leis, die alleinigen Geschicke der Firma. Von diesem Zeitpunkt an, wurden die Dienstleistungen rund um die Immobilie laufend ausgebaut.<\/p>\n<p align=\"left\">Durch diese stetige Weiterentwicklung, kann heute fast das gesamte Immobilien Spektrum abgedeckt werden.<\/p>\n<\/td>\n<\/tr>\n<tr>\n<td bgcolor=\"#d9e1f4\" height=\"15\">\n<div class=\"Stil10\" align=\"center\">\n<div align=\"left\">Unser Klientel:<\/div>\n<\/div>\n<\/td>\n<\/tr>\n<tr>\n<td bgcolor=\"#ffffff\" height=\"128\">\n<div class=\"Stil3\" align=\"left\">\n<ul>\n<li>Verk\u00e4ufer von Wohnimmobilien<\/li>\n<li>Verk\u00e4ufer von Gewerbeimmobilien<\/li>\n<li>Vermieter von Wohnimmobilien<\/li>\n<li>Vermieter von Gewerbeimmobilien<\/li>\n<li>Kaufinteressenten<\/li>\n<li>Mietinteressenten<\/li>\n<li>Eigent\u00fcmer von Wohn- und Gesch\u00e4ftsh\u00e4usern<\/li>\n<\/ul>\n<\/div>\n<div class=\"Stil3\" align=\"left\"><\/div>\n<div class=\"Stil3\" align=\"left\"><\/div>\n<div class=\"Stil3\" align=\"left\"><\/div>\n<div class=\"Stil3\" align=\"left\"><\/div>\n<div class=\"Stil3\" align=\"left\"><\/div>\n<\/td>\n<\/tr>\n<tr>\n<td bgcolor=\"#d9e1f4\" height=\"15\">\n<div class=\"Stil10\" align=\"center\">\n<div align=\"left\">Unsere Dienstleistungen:<\/div>\n<\/div>\n<\/td>\n<\/tr>\n<tr>\n<td>\n<div align=\"left\">\n<ul>\n<li>Vermittlung von Wohn- und Gewerbeimmobilien<\/li>\n<li>Objektmanagement<\/li>\n<li>Objektverwaltung<\/li>\n<li>Mietverwaltung<\/li>\n<\/ul>\n<\/div>\n<\/td>\n<\/tr>\n<tr>\n<td bgcolor=\"#d9e1f4\" height=\"15\">\n<div class=\"Stil10\" align=\"center\">\n<div align=\"left\">Unser Team:<\/div>\n<\/div>\n<\/td>\n<\/tr>\n<tr>\n<td height=\"92\">\n<div align=\"left\">\n<ul>\n<li class=\"Stil3\">Herr Hartmut Leis &#8211; Gesch\u00e4ftsf\u00fchrer<\/li>\n<li class=\"Stil3\">Frau Elvira Kazor &#8211; Au\u00dfendienstleiterin<\/li>\n<\/ul>\n<\/div>\n<\/td>\n<\/tr>\n<\/tbody>\n<\/table>\n","protected":false},"excerpt":{"rendered":"<p>Unternehmensportr\u00e4t: Das Fundament, der Firma LEIS Immobilien SERVICE, wurde Mitte der 60\u2019er Jahre durch den Vater des heutigen Firmeninhabers gelegt. Im laufe der 80\u2019er Jahre, wurde das Dienstleistungsangebot schrittweise auf den Immobiliensektor erweitert und letztendlich umgestellt. Anfang 1998 \u00fcbernahm der heutige Inhaber Herr Hartmut Leis, die alleinigen Geschicke der Firma. Von diesem Zeitpunkt an, wurden &hellip; <\/p>\n<p class=\"link-more\"><a href=\"https:\/\/leis-immobilien-service.de\/?page_id=19\" class=\"more-link\"><span class=\"screen-reader-text\">\u201eUnternehmensportr\u00e4t\u201c<\/span> weiterlesen<\/a><\/p>\n","protected":false},"author":1,"featured_media":0,"parent":0,"menu_order":0,"comment_status":"closed","ping_status":"closed","template":"","meta":{"footnotes":""},"class_list":["post-19","page","type-page","status-publish","hentry"],"_links":{"self":[{"href":"https:\/\/leis-immobilien-service.de\/index.php?rest_route=\/wp\/v2\/pages\/19","targetHints":{"allow":["GET"]}}],"collection":[{"href":"https:\/\/leis-immobilien-service.de\/index.php?rest_route=\/wp\/v2\/pages"}],"about":[{"href":"https:\/\/leis-immobilien-service.de\/index.php?rest_route=\/wp\/v2\/types\/page"}],"author":[{"embeddable":true,"href":"https:\/\/leis-immobilien-service.de\/index.php?rest_route=\/wp\/v2\/users\/1"}],"replies":[{"embeddable":true,"href":"https:\/\/leis-immobilien-service.de\/index.php?rest_route=%2Fwp%2Fv2%2Fcomments&post=19"}],"version-history":[{"count":8,"href":"https:\/\/leis-immobilien-service.de\/index.php?rest_route=\/wp\/v2\/pages\/19\/revisions"}],"predecessor-version":[{"id":232,"href":"https:\/\/leis-immobilien-service.de\/index.php?rest_route=\/wp\/v2\/pages\/19\/revisions\/232"}],"wp:attachment":[{"href":"https:\/\/leis-immobilien-service.de\/index.php?rest_route=%2Fwp%2Fv2%2Fmedia&parent=19"}],"curies":[{"name":"wp","href":"https:\/\/api.w.org\/{rel}","templated":true}]}}