{"id":17,"date":"2018-09-15T19:01:25","date_gmt":"2018-09-15T17:01:25","guid":{"rendered":"http:\/\/s521716621.online.de\/?page_id=17"},"modified":"2018-10-31T12:19:17","modified_gmt":"2018-10-31T11:19:17","slug":"objekt-management","status":"publish","type":"page","link":"https:\/\/leis-immobilien-service.de\/?page_id=17","title":{"rendered":"Objektmanagement"},"content":{"rendered":"<p align=\"center\"><strong>Das Vertrauen unserer Kunden spricht f\u00fcr sich \u2013 wir betreuen mehr als 1000 Objekte in ganz Deutschland.<\/strong><\/p>\n<p align=\"center\">\n<table border=\"0\" width=\"779\" align=\"center\">\n<tbody>\n<tr>\n<td bgcolor=\"#d9e1f4\" width=\"779\" height=\"15\">\n<div class=\"Stil10\" align=\"center\">\n<div align=\"left\">Unser Dienstleistungsangebot im Bereich Objektmanagement:<\/div>\n<\/div>\n<\/td>\n<\/tr>\n<tr>\n<td bgcolor=\"#ffffff\" height=\"180\">\n<ul>\n<li>Erstellung von Betriebs- und Nebenkostenabrechnungen<\/li>\n<li>Verwaltung und Betreuung von Gewerbeimmobilien<\/li>\n<li>Verwaltung und Betreuung von Wohnimmobilien<\/li>\n<li>Vermittlung von Mietern<\/li>\n<li>Vermittlung von K\u00e4ufern<\/li>\n<li>Erstellung von Mietvertr\u00e4gen<\/li>\n<li>Durchf\u00fchrung von Wohnungs\u00fcbergaben<\/li>\n<li>Und vieles mehr&#8230;.<\/li>\n<\/ul>\n<\/td>\n<\/tr>\n<\/tbody>\n<\/table>\n<p align=\"center\">\n<p align=\"center\">Als kompetenter Partner stehen wir unseren Kunden bei Fragen und Problemen stets zur Seite.<\/p>\n","protected":false},"excerpt":{"rendered":"<p>Das Vertrauen unserer Kunden spricht f\u00fcr sich \u2013 wir betreuen mehr als 1000 Objekte in ganz Deutschland. Unser Dienstleistungsangebot im Bereich Objektmanagement: Erstellung von Betriebs- und Nebenkostenabrechnungen Verwaltung und Betreuung von Gewerbeimmobilien Verwaltung und Betreuung von Wohnimmobilien Vermittlung von Mietern Vermittlung von K\u00e4ufern Erstellung von Mietvertr\u00e4gen Durchf\u00fchrung von Wohnungs\u00fcbergaben Und vieles mehr&#8230;. Als kompetenter Partner &hellip; <\/p>\n<p class=\"link-more\"><a href=\"https:\/\/leis-immobilien-service.de\/?page_id=17\" class=\"more-link\"><span class=\"screen-reader-text\">\u201eObjektmanagement\u201c<\/span> weiterlesen<\/a><\/p>\n","protected":false},"author":1,"featured_media":0,"parent":0,"menu_order":0,"comment_status":"closed","ping_status":"closed","template":"","meta":{"footnotes":""},"class_list":["post-17","page","type-page","status-publish","hentry"],"_links":{"self":[{"href":"https:\/\/leis-immobilien-service.de\/index.php?rest_route=\/wp\/v2\/pages\/17","targetHints":{"allow":["GET"]}}],"collection":[{"href":"https:\/\/leis-immobilien-service.de\/index.php?rest_route=\/wp\/v2\/pages"}],"about":[{"href":"https:\/\/leis-immobilien-service.de\/index.php?rest_route=\/wp\/v2\/types\/page"}],"author":[{"embeddable":true,"href":"https:\/\/leis-immobilien-service.de\/index.php?rest_route=\/wp\/v2\/users\/1"}],"replies":[{"embeddable":true,"href":"https:\/\/leis-immobilien-service.de\/index.php?rest_route=%2Fwp%2Fv2%2Fcomments&post=17"}],"version-history":[{"count":3,"href":"https:\/\/leis-immobilien-service.de\/index.php?rest_route=\/wp\/v2\/pages\/17\/revisions"}],"predecessor-version":[{"id":208,"href":"https:\/\/leis-immobilien-service.de\/index.php?rest_route=\/wp\/v2\/pages\/17\/revisions\/208"}],"wp:attachment":[{"href":"https:\/\/leis-immobilien-service.de\/index.php?rest_route=%2Fwp%2Fv2%2Fmedia&parent=17"}],"curies":[{"name":"wp","href":"https:\/\/api.w.org\/{rel}","templated":true}]}}